{"id":4455,"date":"2020-05-08T21:27:36","date_gmt":"2020-05-08T21:27:36","guid":{"rendered":"https:\/\/itwok.eu\/recrutement\/"},"modified":"2022-04-08T08:08:56","modified_gmt":"2022-04-08T08:08:56","slug":"reclutamento","status":"publish","type":"page","link":"https:\/\/itwok.eu\/it\/reclutamento\/","title":{"rendered":"Unisciti all&#8217;avventura di It Wok !"},"content":{"rendered":"\n<h3 class=\"wp-block-heading\">Alla ricerca di un&#8217;avventura unica? Invia il tuo CV per unirti al team It Wok !<\/h3>\n\n\n\n<figure class=\"wp-block-image size-large\"><img loading=\"lazy\" decoding=\"async\" width=\"1024\" height=\"768\" src=\"https:\/\/itwok.sushigourmet.eu\/wp-content\/uploads\/sites\/10\/2021\/02\/recrutement-1024x768.jpg\" alt=\"\" class=\"wp-image-4316\" srcset=\"https:\/\/itwok.eu\/wp-content\/uploads\/sites\/10\/2021\/02\/recrutement-1024x768.jpg 1024w, https:\/\/itwok.eu\/wp-content\/uploads\/sites\/10\/2021\/02\/recrutement-300x225.jpg 300w, https:\/\/itwok.eu\/wp-content\/uploads\/sites\/10\/2021\/02\/recrutement-768x576.jpg 768w, https:\/\/itwok.eu\/wp-content\/uploads\/sites\/10\/2021\/02\/recrutement-1536x1152.jpg 1536w, https:\/\/itwok.eu\/wp-content\/uploads\/sites\/10\/2021\/02\/recrutement-840x630.jpg 840w, https:\/\/itwok.eu\/wp-content\/uploads\/sites\/10\/2021\/02\/recrutement-347x260.jpg 347w, https:\/\/itwok.eu\/wp-content\/uploads\/sites\/10\/2021\/02\/recrutement-554x416.jpg 554w, https:\/\/itwok.eu\/wp-content\/uploads\/sites\/10\/2021\/02\/recrutement-224x168.jpg 224w, https:\/\/itwok.eu\/wp-content\/uploads\/sites\/10\/2021\/02\/recrutement-187x140.jpg 187w, https:\/\/itwok.eu\/wp-content\/uploads\/sites\/10\/2021\/02\/recrutement.jpg 1920w\" sizes=\"(max-width: 1024px) 100vw, 1024px\" \/><\/figure>\n\n\n\n<p>Con oltre aperture ogni mese, reclutiamo regolarmente impiegati di cucina, assistenti chef o chef! Lascia il tuo CV direttamente nello stand pi\u00f9 vicino a te o contattaci tramite il modulo di contatto.<\/p>\n\n\n\n<h4 class=\"wp-block-heading\">Offerte disponibili<\/h4>\n\n\n\n<p>Nessuna offerta disponibile al momento.<\/p>\n\n\n\n<h4 class=\"wp-block-heading\">Richiedi<\/h4>\n\n\n\n<p>Compila le informazioni in dettaglio e non dimenticare di annotare il riferimento della posizione da ricoprire. Aggiungi il tuo CV e la lettera di presentazione.<\/p>\n\n\n<div class=\"frm_forms  with_frm_style frm_center_submit frm_style_formidable-style\" id=\"frm_form_11_container\" >\n<form enctype=\"multipart\/form-data\" method=\"post\" class=\"frm-show-form \" id=\"form_reclutamentoitalia\" >\n<div class=\"frm_form_fields \">\n<fieldset>\n<legend class=\"frm_screen_reader\">Reclutamento &#8211; Italia<\/legend>\r\n\r\n<div class=\"frm_fields_container\">\n<input type=\"hidden\" name=\"frm_action\" value=\"create\" \/>\n<input type=\"hidden\" name=\"form_id\" value=\"11\" \/>\n<input type=\"hidden\" name=\"frm_hide_fields_11\" id=\"frm_hide_fields_11\" value=\"\" \/>\n<input type=\"hidden\" name=\"form_key\" value=\"reclutamentoitalia\" \/>\n<input type=\"hidden\" name=\"item_meta[0]\" value=\"\" \/>\n<input type=\"hidden\" id=\"frm_submit_entry_11\" name=\"frm_submit_entry_11\" value=\"354777e9ba\" \/><input type=\"hidden\" name=\"_wp_http_referer\" value=\"\/it\/wp-json\/wp\/v2\/pages\/4455\" \/><div id=\"frm_field_71_container\" class=\"frm_form_field form-field  frm_required_field frm_top_container frm_first frm_half\">\r\n    <label for=\"field_qh4icyc643ed9f6e\" id=\"field_qh4icyc643ed9f6e_label\" class=\"frm_primary_label\">Nome\r\n        <span class=\"frm_required\">*<\/span>\r\n    <\/label>\r\n    <input type=\"text\" id=\"field_qh4icyc643ed9f6e\" name=\"item_meta[71]\" value=\"\"  data-reqmsg=\"Questo campo non pu\u00f2 essere vuoto.\" aria-required=\"true\" data-invmsg=\"Name is invalid\" aria-invalid=\"false\"  \/>\r\n    \r\n    \r\n<\/div>\n<div id=\"frm_field_72_container\" class=\"frm_form_field form-field  frm_required_field frm_hidden_container frm_half\">\r\n    <label for=\"field_ocfup161e1a7b71b\" id=\"field_ocfup161e1a7b71b_label\" class=\"frm_primary_label\">Cognome\r\n        <span class=\"frm_required\">*<\/span>\r\n    <\/label>\r\n    <input type=\"text\" id=\"field_ocfup161e1a7b71b\" name=\"item_meta[72]\" value=\"\"  data-reqmsg=\"Questo campo non pu\u00f2 essere vuoto.\" aria-required=\"true\" data-invmsg=\"Last is invalid\" aria-invalid=\"false\"  \/>\r\n    \r\n    \r\n<\/div>\n<div id=\"frm_field_73_container\" class=\"frm_form_field form-field  frm_required_field frm_top_container frm_full\">\r\n    <label for=\"field_29yf4d305feea03d\" id=\"field_29yf4d305feea03d_label\" class=\"frm_primary_label\">E-mail\r\n        <span class=\"frm_required\">*<\/span>\r\n    <\/label>\r\n    <input type=\"email\" id=\"field_29yf4d305feea03d\" name=\"item_meta[73]\" value=\"\"  data-reqmsg=\"Questo campo non pu\u00f2 essere vuoto.\" aria-required=\"true\" data-invmsg=\"Inserisci un indirizzo email valido.\" aria-invalid=\"false\"  \/>\r\n    \r\n    \r\n<\/div>\n<div id=\"frm_field_74_container\" class=\"frm_form_field form-field  frm_required_field frm_top_container frm_full\">\r\n    <label for=\"field_e6lis6\" id=\"field_e6lis6_label\" class=\"frm_primary_label\">Riferimento di lavoro\r\n        <span class=\"frm_required\">*<\/span>\r\n    <\/label>\r\n    <input type=\"text\" id=\"field_e6lis6\" name=\"item_meta[74]\" value=\"\"  data-reqmsg=\"Questo campo non pu\u00f2 essere vuoto.\" aria-required=\"true\" data-invmsg=\"Subject is invalid\" aria-invalid=\"false\"  \/>\r\n    \r\n    \r\n<\/div>\n<div id=\"frm_field_75_container\" class=\"frm_form_field form-field  frm_required_field frm_top_container frm_full\">\r\n    <label for=\"field_9jv0r1642897e79c\" id=\"field_9jv0r1642897e79c_label\" class=\"frm_primary_label\">Il tuo messaggio\r\n        <span class=\"frm_required\">*<\/span>\r\n    <\/label>\r\n    <textarea name=\"item_meta[75]\" id=\"field_9jv0r1642897e79c\" rows=\"5\"  data-reqmsg=\"Questo campo non pu\u00f2 essere vuoto.\" aria-required=\"true\" data-invmsg=\"Il tuo messaggio is invalid\" aria-invalid=\"false\"  ><\/textarea>\r\n    \r\n    \r\n<\/div>\n<div id=\"frm_field_76_container\" class=\"frm_form_field form-field is-upload-file  frm_required_field frm_top_container\">\r\n    <div  id=\"field_c7s18893e98f9ac_label\" class=\"frm_primary_label\">CV\r\n        <span class=\"frm_required\">*<\/span>\r\n    <\/div>\r\n    <input type=\"text\" id=\"field_c7s18893e98f9ac\" name=\"item_meta[76]\" value=\"\"  data-reqmsg=\"Il file scaricato non \u00e8 valido.\" data-invmsg=\"Le fichier t\u00e9l\u00e9charg\u00e9 n&#039;est pas valide.\" aria-invalid=\"false\"  \/>\r\n    \r\n    \r\n<\/div>\n<div id=\"frm_field_77_container\" class=\"frm_form_field form-field is-upload-file  frm_top_container\">\r\n    <div  id=\"field_sdsyw09295ea2eb_label\" class=\"frm_primary_label\">Lettera di presentazione\r\n        <span class=\"frm_required\"><\/span>\r\n    <\/div>\r\n    <input type=\"text\" id=\"field_sdsyw09295ea2eb\" name=\"item_meta[77]\" value=\"\"  data-invmsg=\"Il file scaricato non \u00e8 valido.\" aria-invalid=\"false\"  \/>\r\n    \r\n    \r\n<\/div>\n<div id=\"frm_field_80_container\" class=\"frm_form_field form-field  frm_required_field frm_top_container\">\n    <label for=\"field_7oyzj\" id=\"field_7oyzj_label\" class=\"frm_primary_label\"><p style=\"color:black; margin-bottom: -10px\">Letta <a href=\"https:\/\/itwok.eu\/it\/informativa-reclutamento\/\" target=\"_blank\">l&#8217;informativa<\/a>, invio il mio CV<\/p>\n        <span class=\"frm_required\">*<\/span>\n    <\/label>\n    <input type=\"text\" id=\"field_7oyzj\" name=\"item_meta[80]\" value=\"\"  data-reqmsg=\"Questo campo non pu\u00f2 essere vuoto.\" aria-required=\"true\" data-invmsg=\"&lt;p style=&quot;color:black; margin-bottom: -10px&quot;&gt;Letta &lt;a href=&quot;https:\/\/itwok.eu\/it\/informativa-reclutamento\/&quot; target=&quot;_blank&quot;&gt;l&#039;informativa&lt;\/a&gt;, invio il mio CV&lt;\/p&gt; is invalid\" aria-invalid=\"false\"  \/>\n    \n    \n<\/div>\n<input type=\"hidden\" id=\"field_8zhlx2af6c5b089\" name=\"item_meta[78]\" value=\"\"    \/><div id=\"frm_field_79_container\" class=\"frm_form_field form-field  frm_hidden_container\">\r\n    <label for=\"g-recaptcha-response\" id=\"field_j4ppu3cfcc48ab0_label\" class=\"frm_primary_label\">\r\n        <span class=\"frm_required\"><\/span>\r\n    <\/label>\r\n    <div  id=\"field_j4ppu3cfcc48ab0\" class=\"g-recaptcha\" data-sitekey=\"6Ld8sbspAAAAAMAd7bWeE6UCyW8s_habncKxCuiP\" data-size=\"invisible\" data-theme=\"light\" data-callback=\"frmAfterRecaptcha\"><\/div>\r\n    \r\n    \r\n<\/div>\n\t<input type=\"hidden\" name=\"item_key\" value=\"\" \/>\n\t\t\t<div id=\"frm_field_82_container\">\n\t\t\t<label for=\"field_7tub9\"  style=\"display:none;\">\n\t\t\t\tIf you are human, leave this field blank.\t\t\t<\/label>\n\t\t\t<input  id=\"field_7tub9\" type=\"text\" class=\"frm_form_field form-field frm_verify\" name=\"item_meta[82]\" value=\"\"  style=\"display:none;\" \/>\n\t\t<\/div>\n\t\t<div class=\"frm_submit\">\r\n\r\n<button class=\"frm_button_submit c-button\" type=\"submit\"  >Postuler<\/button>\r\n\r\n<\/div><\/div>\n<\/fieldset>\n<\/div>\n\n<\/form>\n<\/div>\n","protected":false},"excerpt":{"rendered":"<p>Alla ricerca di un&#8217;avventura unica? Invia il tuo CV per unirti al team It Wok ! Con oltre aperture ogni mese, reclutiamo regolarmente impiegati di cucina, assistenti chef o chef! Lascia il tuo CV direttamente nello stand pi\u00f9 vicino a te o contattaci tramite il modulo di contatto. Offerte disponibili Nessuna offerta disponibile al momento. [&hellip;]<\/p>\n","protected":false},"author":1,"featured_media":0,"parent":0,"menu_order":0,"comment_status":"closed","ping_status":"closed","template":"","meta":{"_acf_changed":false,"footnotes":""},"class_list":["post-4455","page","type-page","status-publish","hentry"],"acf":[],"yoast_head":"<!-- This site is optimized with the Yoast SEO plugin v22.1 - https:\/\/yoast.com\/wordpress\/plugins\/seo\/ -->\n<title>Unisciti all&#039;avventura di It Wok ! - It Wok<\/title>\n<meta name=\"robots\" content=\"index, follow, max-snippet:-1, max-image-preview:large, max-video-preview:-1\" \/>\n<link rel=\"canonical\" href=\"https:\/\/itwok.eu\/it\/reclutamento\/\" \/>\n<meta property=\"og:locale\" content=\"it_IT\" \/>\n<meta property=\"og:type\" content=\"article\" \/>\n<meta property=\"og:title\" content=\"Unisciti all&#039;avventura di It Wok ! - It Wok\" \/>\n<meta property=\"og:description\" content=\"Alla ricerca di un&#8217;avventura unica? Invia il tuo CV per unirti al team It Wok ! Con oltre aperture ogni mese, reclutiamo regolarmente impiegati di cucina, assistenti chef o chef! Lascia il tuo CV direttamente nello stand pi\u00f9 vicino a te o contattaci tramite il modulo di contatto. Offerte disponibili Nessuna offerta disponibile al momento. [&hellip;]\" \/>\n<meta property=\"og:url\" content=\"https:\/\/itwok.eu\/it\/reclutamento\/\" \/>\n<meta property=\"og:site_name\" content=\"It Wok\" \/>\n<meta property=\"article:modified_time\" content=\"2022-04-08T08:08:56+00:00\" \/>\n<meta property=\"og:image\" content=\"https:\/\/itwok.sushigourmet.eu\/wp-content\/uploads\/sites\/10\/2021\/02\/recrutement-1024x768.jpg\" \/>\n<meta name=\"twitter:card\" content=\"summary_large_image\" \/>\n<script type=\"application\/ld+json\" class=\"yoast-schema-graph\">{\"@context\":\"https:\/\/schema.org\",\"@graph\":[{\"@type\":\"WebPage\",\"@id\":\"https:\/\/itwok.eu\/it\/reclutamento\/\",\"url\":\"https:\/\/itwok.eu\/it\/reclutamento\/\",\"name\":\"Unisciti all'avventura di It Wok ! - It Wok\",\"isPartOf\":{\"@id\":\"https:\/\/itwok.eu\/#website\"},\"datePublished\":\"2020-05-08T21:27:36+00:00\",\"dateModified\":\"2022-04-08T08:08:56+00:00\",\"breadcrumb\":{\"@id\":\"https:\/\/itwok.eu\/it\/reclutamento\/#breadcrumb\"},\"inLanguage\":\"it-IT\",\"potentialAction\":[{\"@type\":\"ReadAction\",\"target\":[\"https:\/\/itwok.eu\/it\/reclutamento\/\"]}]},{\"@type\":\"BreadcrumbList\",\"@id\":\"https:\/\/itwok.eu\/it\/reclutamento\/#breadcrumb\",\"itemListElement\":[{\"@type\":\"ListItem\",\"position\":1,\"name\":\"Home\",\"item\":\"https:\/\/itwok.eu\/it\/\"},{\"@type\":\"ListItem\",\"position\":2,\"name\":\"Unisciti all&#8217;avventura di It Wok !\"}]},{\"@type\":\"WebSite\",\"@id\":\"https:\/\/itwok.eu\/#website\",\"url\":\"https:\/\/itwok.eu\/\",\"name\":\"It Wok\",\"description\":\"Envie de Wok?\",\"potentialAction\":[{\"@type\":\"SearchAction\",\"target\":{\"@type\":\"EntryPoint\",\"urlTemplate\":\"https:\/\/itwok.eu\/?s={search_term_string}\"},\"query-input\":\"required name=search_term_string\"}],\"inLanguage\":\"it-IT\"}]}<\/script>\n<!-- \/ Yoast SEO plugin. -->","yoast_head_json":{"title":"Unisciti all'avventura di It Wok ! - It Wok","robots":{"index":"index","follow":"follow","max-snippet":"max-snippet:-1","max-image-preview":"max-image-preview:large","max-video-preview":"max-video-preview:-1"},"canonical":"https:\/\/itwok.eu\/it\/reclutamento\/","og_locale":"it_IT","og_type":"article","og_title":"Unisciti all'avventura di It Wok ! - It Wok","og_description":"Alla ricerca di un&#8217;avventura unica? Invia il tuo CV per unirti al team It Wok ! Con oltre aperture ogni mese, reclutiamo regolarmente impiegati di cucina, assistenti chef o chef! Lascia il tuo CV direttamente nello stand pi\u00f9 vicino a te o contattaci tramite il modulo di contatto. Offerte disponibili Nessuna offerta disponibile al momento. [&hellip;]","og_url":"https:\/\/itwok.eu\/it\/reclutamento\/","og_site_name":"It Wok","article_modified_time":"2022-04-08T08:08:56+00:00","og_image":[{"url":"https:\/\/itwok.sushigourmet.eu\/wp-content\/uploads\/sites\/10\/2021\/02\/recrutement-1024x768.jpg"}],"twitter_card":"summary_large_image","schema":{"@context":"https:\/\/schema.org","@graph":[{"@type":"WebPage","@id":"https:\/\/itwok.eu\/it\/reclutamento\/","url":"https:\/\/itwok.eu\/it\/reclutamento\/","name":"Unisciti all'avventura di It Wok ! - It Wok","isPartOf":{"@id":"https:\/\/itwok.eu\/#website"},"datePublished":"2020-05-08T21:27:36+00:00","dateModified":"2022-04-08T08:08:56+00:00","breadcrumb":{"@id":"https:\/\/itwok.eu\/it\/reclutamento\/#breadcrumb"},"inLanguage":"it-IT","potentialAction":[{"@type":"ReadAction","target":["https:\/\/itwok.eu\/it\/reclutamento\/"]}]},{"@type":"BreadcrumbList","@id":"https:\/\/itwok.eu\/it\/reclutamento\/#breadcrumb","itemListElement":[{"@type":"ListItem","position":1,"name":"Home","item":"https:\/\/itwok.eu\/it\/"},{"@type":"ListItem","position":2,"name":"Unisciti all&#8217;avventura di It Wok !"}]},{"@type":"WebSite","@id":"https:\/\/itwok.eu\/#website","url":"https:\/\/itwok.eu\/","name":"It Wok","description":"Envie de Wok?","potentialAction":[{"@type":"SearchAction","target":{"@type":"EntryPoint","urlTemplate":"https:\/\/itwok.eu\/?s={search_term_string}"},"query-input":"required name=search_term_string"}],"inLanguage":"it-IT"}]}},"_links":{"self":[{"href":"https:\/\/itwok.eu\/it\/wp-json\/wp\/v2\/pages\/4455"}],"collection":[{"href":"https:\/\/itwok.eu\/it\/wp-json\/wp\/v2\/pages"}],"about":[{"href":"https:\/\/itwok.eu\/it\/wp-json\/wp\/v2\/types\/page"}],"author":[{"embeddable":true,"href":"https:\/\/itwok.eu\/it\/wp-json\/wp\/v2\/users\/1"}],"replies":[{"embeddable":true,"href":"https:\/\/itwok.eu\/it\/wp-json\/wp\/v2\/comments?post=4455"}],"version-history":[{"count":3,"href":"https:\/\/itwok.eu\/it\/wp-json\/wp\/v2\/pages\/4455\/revisions"}],"predecessor-version":[{"id":4508,"href":"https:\/\/itwok.eu\/it\/wp-json\/wp\/v2\/pages\/4455\/revisions\/4508"}],"wp:attachment":[{"href":"https:\/\/itwok.eu\/it\/wp-json\/wp\/v2\/media?parent=4455"}],"curies":[{"name":"wp","href":"https:\/\/api.w.org\/{rel}","templated":true}]}}